{"id":6943,"date":"2021-07-08T14:54:43","date_gmt":"2021-07-08T14:54:43","guid":{"rendered":"https:\/\/hoteiscoelho.com\/terms-and-conditions-of-use\/"},"modified":"2026-03-23T14:30:09","modified_gmt":"2026-03-23T14:30:09","slug":"terms-and-conditions-of-use","status":"publish","type":"page","link":"https:\/\/hoteiscoelho.com\/en\/terms-and-conditions-of-use\/","title":{"rendered":"Terms and Conditions of Use"},"content":{"rendered":"<section  class='av_textblock_section av-kotz6at2-a5dc9d9f566676fc9cb631af5ea25531 '   itemscope=\"itemscope\" itemtype=\"https:\/\/schema.org\/CreativeWork\" ><div class='avia_textblock'  itemprop=\"text\" ><h1 style=\"text-align: center\">Terms and Conditions of Use<\/h1>\n<p>The <strong><u> Adelino Dion\u00edsio Clara da Silva, Lda.<\/u><\/strong>, hereinafter referred to as <strong>HOTELS COELHO<\/strong>, headquartered in  <u>R. Jos\u00e9 Loureiro Botas, 18 &#8211; Praia da Vieira, 2430 &#8211; 694 VIEIRA DE LEIRIA \u2013 Portugal,<\/u> legal person no. <u>501 804 250<\/u>, responsible for this site (<u>hoteiscoelho.com<\/u>) describes on this page the terms and conditions of use and pre-contractual information relating to contracts entered into at a distance on this website (hotescoelho.com) and their respective subdomains, referred to in article 4 of Decree-Law no. \/2014 of February 14th.<\/p>\n<p>HOT\u00c9IS COELHO reserves the right to freely modify the pre-contractual information in order to adapt it to the applicable legislation, without the need for any prior notice.<\/p>\n<h3>1. General Conditions of Use<\/h3>\n<p>Both browsing this site and purchasing any product or service made available by it presupposes the acceptance of this information and the general conditions of use contained in this page. The user undertakes to use this website in compliance with the provisions of applicable law, refraining from using the website for activities contrary to the law, morals and good customs or rights and interests of third parties.<\/p>\n<p>This website may have links to other websites, which may contain useful information or tools for our users, however these general conditions will not apply to these third party websites. As such, the user must inform himself about the Terms and Conditions of Use of the website to which he was redirected.<\/p>\n<p>HOT\u00c9IS COELHO reserves the right to unilaterally modify at any time, without prior notice, the presentation and content of this website, its services and the general conditions of use, with the exception of contracts already concluded and in execution. These changes are intended for the continuous improvement of this website as well as the services offered to the user who, if you do not agree with the changes made, may terminate the contract.<\/p>\n<p>The content and information created for presentation on this site is owned by HOT\u00c9IS COELHO, so its use, reproduction, copying or dissemination by other means of logos, texts, images and videos on the site are subject to its prior authorization.<\/p>\n<p>HOT\u00c9IS COELHO informs that the images of the products or services presented on the site are merely illustrative, so it recommends that the customer obtain complete information about the respective products and contact Customer Support.<\/p>\n<p>Every effort is made to ensure that the information presented is free from typographical and image errors. Whenever these occur, after detection, HOT\u00c9IS COELHO will correct them as soon as possible.<\/p>\n<h3>2. Information on the Internal Operating Rules for Hotels:<\/h3>\n<ol>\n<li>Check-in from 14:00 until 23:00.<\/li>\n<li>Check-out until 12:00.<\/li>\n<li>Late check-out (until 4 pm). Plus \u20ac20 on the room rate (upon availability\/consult reception).<\/li>\n<li>Payment must be made at check-in.<\/li>\n<li>Supplement for children from 3 to 13 years old, subject to availability, 30% will be added to the room rate.<\/li>\n<li>Mandatory identification of all guests (Article 42 of law n\u00ba33\/99, of 18 May).<\/li>\n<li>Access to rooms exclusive to guests:<br \/>\nAccess is prohibited to anyone who:<br \/>\n\u2022 Do not express the intention to use the services provided<br \/>\n\u2022 Refuse to comply with the establishment&#8217;s rules of operation<br \/>\n\u2022 Access the reserved access areas (article 30 of the decree of law n\u00ba 57\/2002 of March)<\/li>\n<\/ol>\n<h3>3. Data Protection Policy<\/h3>\n<p>HOT\u00c9IS COELHO is committed to respecting the privacy of its users, for this reason we have structured our website so that it is possible to browse without recourse to the introduction of personal data. When it is necessary to collect personal data from users to make our services available or when they decide to share their data on their own initiative, the use of this information will be carried out in accordance with the legislation in force \u2013 General Data Protection Regulation (RGPD). The data shared by users will be subject to computer processing and will be found in the HOT\u00c9IS COELHO database.<\/p>\n<p>When you choose to provide us with information relating to your personal data (any information by which you can be identified), you can rest assured that this information will only be used for the purposes of your relationship as a customer of HOT\u00c9IS COELHO.<\/p>\n<p>In planning this website, we have adopted measures that we consider to be the most appropriate to ensure the accuracy, integrity and confidentiality of the users&#8217; personal data, as well as all other rights that you have. Our records include data that was obtained during the contractual relationship that you established with us and following the various interactions carried out with our website.<\/p>\n<p>Users must guarantee the veracity, accuracy, authenticity and validity of the personal data they have provided to HOT\u00c9IS COELHO.<\/p>\n<p><strong>Types of data collected through our website<\/strong><\/p>\n<p><strong>Comments<\/strong> &#8211; When visitors leave comments on the site, the data in the comments form, as well as the IP address and browser user agent, are saved to help with spam detection. An anonymous string created from your email address (also called a hash) can be sent to the Gravatar service to verify that you are using it. The Gravatar service&#8217;s privacy policy is available here: https:\/\/automattic.com\/privacy\/. Once your comment is approved, the profile photo is visible to the public in the context of your comment.<\/p>\n<p><strong>Contact Request Forms or Records<\/strong> &#8211; When visitors use the forms present on the hoteiscoelho.com website, only the data that is present in the form at the time of its use are saved, which generically may include the request for: Full Name; Tax Identification Number; Gender; Birth date; Telephone Contact, Full Address; E-mail address; Company Name. These forms send the same data present in the form to a HOT\u00c9IS COELHO email account. The data stored in a database and access to the email are restricted to authorized HOT\u00c9IS COELHO personnel.<\/p>\n<p><strong>How we use the information collected:<\/strong> The information collected is intended to respond to requests made by users, namely, but not exclusively, for registration on the website; processing of contact requests; voluntary subscription to the email marketing service; responses to requests for information, suggestions or complaints; and communication with users.<\/p>\n<p><strong>With whom we share the data:<\/strong> HOT\u00c9IS COELHO ensures the confidentiality of the personal data provided and only transmits them to third parties for the sole and exclusive purpose of carrying out the service requested by the user, namely but not exclusively: sending documents, reservations or others to the address provided (carrier); and to judicial and tax authorities to comply with legal requirements.<\/p>\n<p><strong>Owner and Data Controller:<\/strong> Within the scope and for the purposes of the services and sales that we provide to our users, HOT\u00c9IS COELHO is the entity responsible for the processing of your personal data and for ensuring the protection of your privacy, acting in accordance with the legislation in force &#8211; General Protection Regulation of Data (RGPD).<\/p>\n<p><strong>Conservation Period<\/strong>: HOT\u00c9IS COELHO will keep the data collected until the data subject is requested to forget them.<\/p>\n<p><strong>Right to access, change and remove your personal data:<\/strong> At any time, the user has the right to access their personal data, as well as, within the limits of the contracted party and the RGPD, to change them, oppose their treatment, decide on their authorized treatment, withdraw consent and exercise the other rights provided for by law (except when the data are essential for the respective billing by HOT\u00c9IS COELHO and the fulfillment of legal obligations that HOT\u00c9IS COELHO is subject to). If you withdraw your consent, this does not compromise the legality of the treatment carried out up to that date. You have the right to be notified, under the terms of the Regulation, in the event of a breach of your personal data, and may file complaints with the authority(ies).<\/p>\n<p><strong>Security<\/strong>: HOT\u00c9IS COELHO is committed to ensuring the security of the information that the user shares with us. To prevent unauthorized access or advertising, as well as maintain data accuracy and ensure the correct use of information, we have implemented physical, electronic and management procedures to protect the information we collect online. We use encryption when we collect or transfer sensitive data.<\/p>\n<p>Contact of the Data Protection Officer: dpo@hotescoelho.com<\/p>\n<h3>4. Pricing Policy<\/h3>\n<p>The prices of products and\/or services available on this website are exclusive for purchases made by this means. These are presented in euros and with the <strong><u>value of VAT included<\/u><\/strong>, unless otherwise indicated.<\/p>\n<p>In the event of a computer, manual, technical or any other error that causes a noticeable change, not foreseen by HOT\u00c9IS COELHO, in the sale price to the public, in such a way that it becomes little accessible or manifestly negligible, the request purchase will be considered invalid and void.<\/p>\n<p>HOT\u00c9IS COELHO reserves the right to change prices at any time. However, HOT\u00c9IS COELHO undertakes to apply the rates and prices indicated at the time of placing the purchase order.<\/p>\n<h3>5. Payment Methods<\/h3>\n<p>HOT\u00c9IS COELHO does not provide payment options through its website. Contact Customer Service for more information.<\/p>\n<h3>6. Cookie Policy<\/h3>\n<p>What are cookies? &#8220;Cookies&#8221; are small software tags that are stored on access equipment through the browser (browser), retaining only information related to preferences, not including, as such, personal data.<\/p>\n<p>What are Cookies for? Cookies are used to help determine the usefulness, interest and number of uses of the websites, allowing faster and more efficient navigation, eliminating the need to repeatedly enter the same information.<\/p>\n<p>What kind of cookies are there? There are two groups of cookies that can be used<\/p>\n<ul>\n<li>Permanent cookies \u2013 these are cookies that are stored at the browser level on access equipment (PC, mobile and tablet) and are used whenever you make a new visit to the HOT\u00c9IS COELHO website. They are generally used to direct navigation to the user&#8217;s interests, allowing for a more personalized service.<\/li>\n<li>Session cookies \u2013 these are temporary cookies that remain in your browser&#8217;s cookie file until you leave the site. The information obtained by these cookies is used to analyze traffic patterns on the web, allowing to identify problems and provide a better browsing experience.<\/li>\n<\/ul>\n<p><strong>For what purposes do we use cookies?<\/strong><\/p>\n<ul>\n<li>Strictly Necessary Cookies \u2013 Allow navigation on the website and use of applications, as well as access to secure areas of the website. Without these cookies, the required services cannot be provided.<\/li>\n<li>Analytical Cookies \u2013 They are used anonymously for the purpose of creating and analyzing statistics, in order to improve the functioning of the website.<\/li>\n<li>Functionality Cookies \u2013 They keep your preferences regarding the use of the website, so that it is not necessary to reconfigure the website each time you visit it.<\/li>\n<li>Third-Party Cookies \u2013 Measure the success of third-party applications and advertising effectiveness. They can also be used to customize a widget with user data.<\/li>\n<li>How can I manage cookies? All browsers allow the user to accept, refuse or delete cookies, and also inform the user whenever a cookie is received, namely by selecting the appropriate settings on the respective browser. The user can set cookies in the &#8220;options&#8221; or &#8220;preferences&#8221; menu of his browser.<\/li>\n<\/ul>\n<p>Please note, however, that by disabling cookies, you can prevent some web services from functioning correctly, affecting, partially or totally, navigation on the website.<\/p>\n<h3>7. Viruses \/ Trojans \/ Malware<\/h3>\n<p>HOT\u00c9IS COELHO is not responsible for damages arising from any computer viruses or any other situations to which it is unrelated and that prevent access and correct functioning of this website as well as the services provided on it.<\/p>\n<h3>8. Alternative Consumer Dispute Resolution Entities<\/h3>\n<p>Alternative dispute resolution is the possibility that all consumers have at their disposal. They can turn to official entities to help them resolve or direct any conflict before opening litigious processes in the Courts. In the event of a consumer dispute, the consumer may resort to the following alternative consumer dispute resolution entity:<\/p>\n<ul>\n<li>National Consumer Conflict Information and Arbitration Center<\/li>\n<li>Telephone: 213 847 484<\/li>\n<li>E-mail: cniacc@uni.pt<\/li>\n<li>Website: https:\/\/www.cniacc.pt\/pt\/<\/li>\n<\/ul>\n<table width=\"605\">\n<thead>\n<tr>\n<td width=\"378\"><strong>Center<\/strong><\/td>\n<td width=\"132\"><strong>Scope<\/strong><\/td>\n<td width=\"94\"><strong>Telephone<\/strong><\/td>\n<\/tr>\n<\/thead>\n<tbody>\n<tr>\n<td width=\"378\">Centro Nacional de Informa\u00e7\u00e3o e Arbitragem de Conflitos de Consumo<\/td>\n<td width=\"132\">National<\/td>\n<td width=\"94\">213 847 484<\/td>\n<\/tr>\n<tr>\n<td width=\"378\">Centro de Informa\u00e7\u00e3o, Medi\u00e7\u00e3o e arbitragem de Conflitos de Consumo do Algarve<\/td>\n<td width=\"132\">Distrito de Faro<\/td>\n<td width=\"94\">289 823 135<\/td>\n<\/tr>\n<tr>\n<td width=\"378\">Centro de Arbitragem de Conflitos de Consumo do Distrito de Coimbra<\/td>\n<td width=\"132\">Distrito de Coimbra<\/td>\n<td width=\"94\">239 821 690<\/td>\n<\/tr>\n<tr>\n<td width=\"378\">Centro de Arbitragem de Conflitos de Consumo de Lisboa<\/td>\n<td width=\"132\">\u00c1rea Metropolitana de Lisboa<\/td>\n<td width=\"94\">218 807 000<\/td>\n<\/tr>\n<tr>\n<td width=\"378\">Centro de Arbitragem de Conflitos de Consumo da Madeira<\/td>\n<td width=\"132\">Regi\u00e3o Aut\u00f3noma da Madeira<\/td>\n<td width=\"94\">291 750 330<\/td>\n<\/tr>\n<tr>\n<td width=\"378\">Centro de Arbitragem de Conflitos de Consumo do Vale do Ave<\/td>\n<td width=\"132\">\u00c1rea do Vale do Ave<\/td>\n<td width=\"94\">253 422 410<\/td>\n<\/tr>\n<tr>\n<td width=\"378\">Centro de Informa\u00e7\u00e3o, Media\u00e7\u00e3o e Arbitragem de Consumo<\/td>\n<td width=\"132\">Regi\u00e3o Norte<\/td>\n<td width=\"94\">253 617 604<\/td>\n<\/tr>\n<\/tbody>\n<\/table>\n<p>For more information, see the Consumer Portal at www.consumidor.pt (under article 18 of Law no. 144\/2015, of 8 September)<\/p>\n<h3>9. Online Complaints Book<\/h3>\n<p>The online Complaints Book aims to modernize and simplify the process of submitting and monitoring complaints, which until now could only be done through the Complaints Book in physical format.<\/p>\n<p>For more information about the Online Complaints Book, see Decree-Law 74\/2017.<\/p>\n<p>Online complaints book &#8211; https:\/\/www.livroreclamacoes.pt<\/p>\n<p>Terms and Conditions of Use updated: 2021-05-18<\/p>\n<\/div><\/section>\n","protected":false},"excerpt":{"rendered":"","protected":false},"author":1,"featured_media":0,"parent":0,"menu_order":8,"comment_status":"closed","ping_status":"closed","template":"","meta":{"footnotes":""},"class_list":["post-6943","page","type-page","status-publish","hentry"],"yoast_head":"<!-- This site is optimized with the Yoast SEO plugin v27.3 - https:\/\/yoast.com\/product\/yoast-seo-wordpress\/ -->\n<title>Terms and Conditions of Use - Hoteis Coelho<\/title>\n<meta name=\"robots\" content=\"index, follow, max-snippet:-1, max-image-preview:large, max-video-preview:-1\" \/>\n<link rel=\"canonical\" href=\"https:\/\/hoteiscoelho.com\/termos-e-condicoes-de-utilizacao\/\" \/>\n<meta property=\"og:locale\" content=\"en_US\" \/>\n<meta property=\"og:type\" content=\"article\" \/>\n<meta property=\"og:title\" content=\"Terms and Conditions of Use - Hoteis Coelho\" \/>\n<meta property=\"og:url\" content=\"https:\/\/hoteiscoelho.com\/termos-e-condicoes-de-utilizacao\/\" \/>\n<meta property=\"og:site_name\" content=\"Hoteis Coelho\" \/>\n<meta property=\"article:modified_time\" content=\"2026-03-23T14:30:09+00:00\" \/>\n<meta name=\"twitter:card\" content=\"summary_large_image\" \/>\n<meta name=\"twitter:label1\" content=\"Est. reading time\" \/>\n\t<meta name=\"twitter:data1\" content=\"11 minutes\" \/>\n<script type=\"application\/ld+json\" class=\"yoast-schema-graph\">{\"@context\":\"https:\\\/\\\/schema.org\",\"@graph\":[{\"@type\":\"WebPage\",\"@id\":\"https:\\\/\\\/hoteiscoelho.com\\\/termos-e-condicoes-de-utilizacao\\\/\",\"url\":\"https:\\\/\\\/hoteiscoelho.com\\\/termos-e-condicoes-de-utilizacao\\\/\",\"name\":\"Terms and Conditions of Use - Hoteis Coelho\",\"isPartOf\":{\"@id\":\"https:\\\/\\\/hoteiscoelho.com\\\/#website\"},\"datePublished\":\"2021-07-08T14:54:43+00:00\",\"dateModified\":\"2026-03-23T14:30:09+00:00\",\"breadcrumb\":{\"@id\":\"https:\\\/\\\/hoteiscoelho.com\\\/termos-e-condicoes-de-utilizacao\\\/#breadcrumb\"},\"inLanguage\":\"en-US\",\"potentialAction\":[{\"@type\":\"ReadAction\",\"target\":[\"https:\\\/\\\/hoteiscoelho.com\\\/termos-e-condicoes-de-utilizacao\\\/\"]}]},{\"@type\":\"BreadcrumbList\",\"@id\":\"https:\\\/\\\/hoteiscoelho.com\\\/termos-e-condicoes-de-utilizacao\\\/#breadcrumb\",\"itemListElement\":[{\"@type\":\"ListItem\",\"position\":1,\"name\":\"In\u00edcio\",\"item\":\"https:\\\/\\\/hoteiscoelho.com\\\/\"},{\"@type\":\"ListItem\",\"position\":2,\"name\":\"Terms and Conditions of Use\"}]},{\"@type\":\"WebSite\",\"@id\":\"https:\\\/\\\/hoteiscoelho.com\\\/#website\",\"url\":\"https:\\\/\\\/hoteiscoelho.com\\\/\",\"name\":\"Hoteis Coelho\",\"description\":\"Ouro Verde - Estrela do Mar\",\"potentialAction\":[{\"@type\":\"SearchAction\",\"target\":{\"@type\":\"EntryPoint\",\"urlTemplate\":\"https:\\\/\\\/hoteiscoelho.com\\\/?s={search_term_string}\"},\"query-input\":{\"@type\":\"PropertyValueSpecification\",\"valueRequired\":true,\"valueName\":\"search_term_string\"}}],\"inLanguage\":\"en-US\"}]}<\/script>\n<!-- \/ Yoast SEO plugin. -->","yoast_head_json":{"title":"Terms and Conditions of Use - Hoteis Coelho","robots":{"index":"index","follow":"follow","max-snippet":"max-snippet:-1","max-image-preview":"max-image-preview:large","max-video-preview":"max-video-preview:-1"},"canonical":"https:\/\/hoteiscoelho.com\/termos-e-condicoes-de-utilizacao\/","og_locale":"en_US","og_type":"article","og_title":"Terms and Conditions of Use - Hoteis Coelho","og_url":"https:\/\/hoteiscoelho.com\/termos-e-condicoes-de-utilizacao\/","og_site_name":"Hoteis Coelho","article_modified_time":"2026-03-23T14:30:09+00:00","twitter_card":"summary_large_image","twitter_misc":{"Est. reading time":"11 minutes"},"schema":{"@context":"https:\/\/schema.org","@graph":[{"@type":"WebPage","@id":"https:\/\/hoteiscoelho.com\/termos-e-condicoes-de-utilizacao\/","url":"https:\/\/hoteiscoelho.com\/termos-e-condicoes-de-utilizacao\/","name":"Terms and Conditions of Use - Hoteis Coelho","isPartOf":{"@id":"https:\/\/hoteiscoelho.com\/#website"},"datePublished":"2021-07-08T14:54:43+00:00","dateModified":"2026-03-23T14:30:09+00:00","breadcrumb":{"@id":"https:\/\/hoteiscoelho.com\/termos-e-condicoes-de-utilizacao\/#breadcrumb"},"inLanguage":"en-US","potentialAction":[{"@type":"ReadAction","target":["https:\/\/hoteiscoelho.com\/termos-e-condicoes-de-utilizacao\/"]}]},{"@type":"BreadcrumbList","@id":"https:\/\/hoteiscoelho.com\/termos-e-condicoes-de-utilizacao\/#breadcrumb","itemListElement":[{"@type":"ListItem","position":1,"name":"In\u00edcio","item":"https:\/\/hoteiscoelho.com\/"},{"@type":"ListItem","position":2,"name":"Terms and Conditions of Use"}]},{"@type":"WebSite","@id":"https:\/\/hoteiscoelho.com\/#website","url":"https:\/\/hoteiscoelho.com\/","name":"Hoteis Coelho","description":"Ouro Verde - Estrela do Mar","potentialAction":[{"@type":"SearchAction","target":{"@type":"EntryPoint","urlTemplate":"https:\/\/hoteiscoelho.com\/?s={search_term_string}"},"query-input":{"@type":"PropertyValueSpecification","valueRequired":true,"valueName":"search_term_string"}}],"inLanguage":"en-US"}]}},"_links":{"self":[{"href":"https:\/\/hoteiscoelho.com\/en\/wp-json\/wp\/v2\/pages\/6943","targetHints":{"allow":["GET"]}}],"collection":[{"href":"https:\/\/hoteiscoelho.com\/en\/wp-json\/wp\/v2\/pages"}],"about":[{"href":"https:\/\/hoteiscoelho.com\/en\/wp-json\/wp\/v2\/types\/page"}],"author":[{"embeddable":true,"href":"https:\/\/hoteiscoelho.com\/en\/wp-json\/wp\/v2\/users\/1"}],"replies":[{"embeddable":true,"href":"https:\/\/hoteiscoelho.com\/en\/wp-json\/wp\/v2\/comments?post=6943"}],"version-history":[{"count":6,"href":"https:\/\/hoteiscoelho.com\/en\/wp-json\/wp\/v2\/pages\/6943\/revisions"}],"predecessor-version":[{"id":12094,"href":"https:\/\/hoteiscoelho.com\/en\/wp-json\/wp\/v2\/pages\/6943\/revisions\/12094"}],"wp:attachment":[{"href":"https:\/\/hoteiscoelho.com\/en\/wp-json\/wp\/v2\/media?parent=6943"}],"curies":[{"name":"wp","href":"https:\/\/api.w.org\/{rel}","templated":true}]}}